{"id":136656,"date":"2019-07-04T09:58:29","date_gmt":"2019-07-04T13:58:29","guid":{"rendered":"https:\/\/elluchador.info\/web\/?page_id=136656"},"modified":"2024-07-22T12:06:02","modified_gmt":"2024-07-22T16:06:02","slug":"denuncias","status":"publish","type":"page","link":"https:\/\/elluchador.info\/?page_id=136656","title":{"rendered":"Denuncias y Publicaciones"},"content":{"rendered":"\n<figure class=\"wp-block-image size-large\"><img decoding=\"async\" src=\"https:\/\/elluchador.info\/wp-content\/uploads\/2024\/07\/LUCHA2-2-789x1024.jpg\" alt=\"\" class=\"wp-image-241366\"\/><\/figure>\n\n\n\n<p><\/p>\n\n\n\n<p>As\u00ed mismo puedes contactarnos a trav\u00e9s de nuestro correo electr\u00f3nico: <strong><em>infoluchador@gmail.com <\/em><\/strong>\u00f3<strong><em> webelluchador@gmail.com<\/em><\/strong><\/p>\n","protected":false},"excerpt":{"rendered":"<p>As\u00ed mismo puedes contactarnos a trav\u00e9s de nuestro correo electr\u00f3nico: infoluchador@gmail.com \u00f3 webelluchador@gmail.com<\/p>\n","protected":false},"author":19,"featured_media":241366,"parent":0,"menu_order":0,"comment_status":"closed","ping_status":"closed","template":"","meta":{"footnotes":""},"class_list":["post-136656","page","type-page","status-publish","has-post-thumbnail"],"_links":{"self":[{"href":"https:\/\/elluchador.info\/index.php?rest_route=\/wp\/v2\/pages\/136656","targetHints":{"allow":["GET"]}}],"collection":[{"href":"https:\/\/elluchador.info\/index.php?rest_route=\/wp\/v2\/pages"}],"about":[{"href":"https:\/\/elluchador.info\/index.php?rest_route=\/wp\/v2\/types\/page"}],"author":[{"embeddable":true,"href":"https:\/\/elluchador.info\/index.php?rest_route=\/wp\/v2\/users\/19"}],"replies":[{"embeddable":true,"href":"https:\/\/elluchador.info\/index.php?rest_route=%2Fwp%2Fv2%2Fcomments&post=136656"}],"version-history":[{"count":4,"href":"https:\/\/elluchador.info\/index.php?rest_route=\/wp\/v2\/pages\/136656\/revisions"}],"predecessor-version":[{"id":241367,"href":"https:\/\/elluchador.info\/index.php?rest_route=\/wp\/v2\/pages\/136656\/revisions\/241367"}],"wp:featuredmedia":[{"embeddable":true,"href":"https:\/\/elluchador.info\/index.php?rest_route=\/wp\/v2\/media\/241366"}],"wp:attachment":[{"href":"https:\/\/elluchador.info\/index.php?rest_route=%2Fwp%2Fv2%2Fmedia&parent=136656"}],"curies":[{"name":"wp","href":"https:\/\/api.w.org\/{rel}","templated":true}]}}