{"id":241363,"date":"2024-07-22T11:56:52","date_gmt":"2024-07-22T15:56:52","guid":{"rendered":"https:\/\/elluchador.info\/?page_id=241363"},"modified":"2024-07-22T11:56:53","modified_gmt":"2024-07-22T15:56:53","slug":"tradicion-de-calidad","status":"publish","type":"page","link":"https:\/\/elluchador.info\/?page_id=241363","title":{"rendered":"Tradici\u00f3n de Calidad"},"content":{"rendered":"\n<p><strong><mark style=\"background-color:rgba(0, 0, 0, 0)\" class=\"has-inline-color has-luminous-vivid-orange-color\">VISI\u00d3N:<\/mark><\/strong> Ser el m\u00e1s completo y de mayor calidad entre los peri\u00f3dicos m\u00e1s popular y digital en toda la regi\u00f3n.<\/p>\n\n\n\n<p><strong><mark style=\"background-color:rgba(0, 0, 0, 0)\" class=\"has-inline-color has-vivid-red-color\">MISI\u00d3N:<\/mark><\/strong> Contribuir el crecimiento de nuestra comunidad y al fortalecimiento de sus valores a trav\u00e9s de un periodismo de excelencia.<\/p>\n\n\n\n<p><strong><mark style=\"background-color:rgba(0, 0, 0, 0)\" class=\"has-inline-color has-luminous-vivid-amber-color\">PRINCIPIOS<\/mark><\/strong><\/p>\n\n\n\n<ul class=\"wp-block-list\">\n<li>Libertad de opini\u00f3n<\/li>\n\n\n\n<li>Independencia y tolerancia<\/li>\n\n\n\n<li>Responsabilidad y compromiso con la comunidad<\/li>\n\n\n\n<li>Respeto y dignidad<\/li>\n\n\n\n<li>Moderaci\u00f3n<\/li>\n\n\n\n<li>Trabajo en equipo<\/li>\n\n\n\n<li>Creaci\u00f3n e innovaci\u00f3n <\/li>\n<\/ul>\n\n\n\n<p>Actualmente, nos vamos renovando con la era digital a trav\u00e9s de las distintas plataformas digitales; con 119 a\u00f1os, nos mantenemos caracterizando una \u00abTradici\u00f3n de Calidad\u00bb<\/p>\n","protected":false},"excerpt":{"rendered":"<p>VISI\u00d3N: Ser el m\u00e1s completo y de mayor calidad entre los peri\u00f3dicos m\u00e1s popular y digital en toda la regi\u00f3n. MISI\u00d3N: Contribuir el crecimiento de nuestra comunidad y al fortalecimiento de sus valores a trav\u00e9s de un periodismo de excelencia. PRINCIPIOS Actualmente, nos vamos renovando con la era digital a trav\u00e9s de las distintas plataformas [&hellip;]<\/p>\n","protected":false},"author":33,"featured_media":0,"parent":0,"menu_order":0,"comment_status":"closed","ping_status":"closed","template":"","meta":{"footnotes":""},"class_list":["post-241363","page","type-page","status-publish"],"_links":{"self":[{"href":"https:\/\/elluchador.info\/index.php?rest_route=\/wp\/v2\/pages\/241363","targetHints":{"allow":["GET"]}}],"collection":[{"href":"https:\/\/elluchador.info\/index.php?rest_route=\/wp\/v2\/pages"}],"about":[{"href":"https:\/\/elluchador.info\/index.php?rest_route=\/wp\/v2\/types\/page"}],"author":[{"embeddable":true,"href":"https:\/\/elluchador.info\/index.php?rest_route=\/wp\/v2\/users\/33"}],"replies":[{"embeddable":true,"href":"https:\/\/elluchador.info\/index.php?rest_route=%2Fwp%2Fv2%2Fcomments&post=241363"}],"version-history":[{"count":1,"href":"https:\/\/elluchador.info\/index.php?rest_route=\/wp\/v2\/pages\/241363\/revisions"}],"predecessor-version":[{"id":241364,"href":"https:\/\/elluchador.info\/index.php?rest_route=\/wp\/v2\/pages\/241363\/revisions\/241364"}],"wp:attachment":[{"href":"https:\/\/elluchador.info\/index.php?rest_route=%2Fwp%2Fv2%2Fmedia&parent=241363"}],"curies":[{"name":"wp","href":"https:\/\/api.w.org\/{rel}","templated":true}]}}